{"id":12297,"date":"2024-12-19T04:12:08","date_gmt":"2024-12-19T04:12:08","guid":{"rendered":"https:\/\/corpuslab.info\/kilombomanzo\/?page_id=12297"},"modified":"2025-07-16T17:56:15","modified_gmt":"2025-07-16T17:56:15","slug":"transparencia","status":"publish","type":"page","link":"https:\/\/corpuslab.info\/kilombomanzo\/?page_id=12297","title":{"rendered":"Transpar\u00eancia"},"content":{"rendered":"\t\t<div data-elementor-type=\"wp-page\" data-elementor-id=\"12297\" class=\"elementor elementor-12297\">\n\t\t\t\t<div class=\"elementor-element elementor-element-27c0999c e-flex e-con-boxed e-con e-parent\" data-id=\"27c0999c\" data-element_type=\"container\">\n\t\t\t\t\t<div class=\"e-con-inner\">\n\t\t\t\t<div class=\"elementor-element elementor-element-64e582a elementor-widget elementor-widget-text-editor\" data-id=\"64e582a\" data-element_type=\"widget\" data-widget_type=\"text-editor.default\">\n\t\t\t\t<div class=\"elementor-widget-container\">\n\t\t\t\t\t\t\t<p>O Kilombo Manzo tem um hist\u00f3rico de transpar\u00eancia e compromisso inabal\u00e1veis com as lutas sociais, o que o torna uma refer\u00eancia importante no cen\u00e1rio atual. Desde sua funda\u00e7\u00e3o, a organiza\u00e7\u00e3o se destacou n\u00e3o apenas por sua atua\u00e7\u00e3o firme e engajada em defesa dos direitos das comunidades marginalizadas, mas tamb\u00e9m por sua capacidade de mobilizar e unir pessoas em torno de causas justas. Sua trajet\u00f3ria \u00e9 marcada por uma postura de di\u00e1logo e colabora\u00e7\u00e3o, onde a participa\u00e7\u00e3o das comunidades \u00e9 sempre valorizada, buscando assim construir solu\u00e7\u00f5es justas e duradouras que atendam \u00e0s reais necessidades desses grupos.<\/p>\n<p><!-- \/wp:paragraph --><!-- wp:paragraph --><\/p>\n<p>Os compromissos do Manzo s\u00e3o:<\/p>\n<p>1. <strong>Garantir o Reconhecimento e a Prote\u00e7\u00e3o dos Territ\u00f3rios Comunit\u00e1rios.<\/strong><\/p>\n<p><!-- \/wp:paragraph --><!-- wp:paragraph --><\/p>\n<p>2. <strong>Promover o Fortalecimento Jur\u00eddico, Administrativo e Organizacional das Comunidades.<\/strong><\/p>\n<p><!-- \/wp:paragraph --><!-- wp:paragraph --><\/p>\n<p>3. <strong>Desenvolver Infraestruturas que Apoiem a Sustentabilidade e a Inclus\u00e3o Social.<\/strong><\/p>\n<p><!-- \/wp:paragraph --><!-- wp:paragraph --><\/p>\n<p>4. <strong>Fomentar a Educa\u00e7\u00e3o, Conscientiza\u00e7\u00e3o e Preserva\u00e7\u00e3o da Hist\u00f3ria e Cultura Quilombola.<\/strong><\/p>\n<p><!-- \/wp:paragraph --><!-- wp:paragraph --><\/p>\n<p>5. <strong>Estimular a Autonomia Econ\u00f4mica e a Gera\u00e7\u00e3o de Renda para as Fam\u00edlias.<\/strong><\/p>\n<p><!-- \/wp:paragraph --><!-- wp:paragraph --><\/p>\n<p>6. <strong>Estabelecer Parcerias e Redes de Apoio para o Desenvolvimento Sustent\u00e1vel e a Defesa dos Direitos Quilombolas.<\/strong><\/p>\n<p><!-- \/wp:paragraph --><!-- wp:paragraph --><\/p>\n<p><!-- \/wp:paragraph --><!-- wp:paragraph --><\/p>\n<p>Documentos e relat\u00f3rios de nossos projetos est\u00e3o dispon\u00edveis para a sociedade e governo nos links abaixo:<\/p>\n<p><!-- \/wp:paragraph --><!-- wp:paragraph --><\/p>\n<p><a href=\"https:\/\/drive.google.com\/drive\/folders\/1Mjojjf-v2tsx0JksPRpt3AM-l31jxCbv?usp=share_link\" data-type=\"category\" data-id=\"60\">Documentos<\/a><\/p>\n<p><!-- \/wp:paragraph --><!-- wp:image --><\/p>\n<figure class=\"wp-block-image\"><img alt=\"\" \/><\/figure>\n<p><!-- \/wp:image --><\/p>\t\t\t\t\t\t<\/div>\n\t\t\t\t<\/div>\n\t\t\t\t\t<\/div>\n\t\t\t\t<\/div>\n\t\t\t\t<\/div>\n\t\t","protected":false},"excerpt":{"rendered":"<p>O Kilombo Manzo tem um hist\u00f3rico de transpar\u00eancia e compromisso inabal\u00e1veis com as lutas sociais, o que o torna uma refer\u00eancia importante no cen\u00e1rio atual. Desde sua funda\u00e7\u00e3o, a organiza\u00e7\u00e3o &hellip; <\/p>\n<p class=\"link-more\"><a href=\"https:\/\/corpuslab.info\/kilombomanzo\/?page_id=12297\" class=\"more-link\">Leia mais<span class=\"screen-reader-text\"> &#8220;Transpar\u00eancia&#8221;<\/span><\/a><\/p>\n","protected":false},"author":1,"featured_media":12205,"parent":0,"menu_order":0,"comment_status":"closed","ping_status":"closed","template":"","meta":{"footnotes":""},"class_list":["post-12297","page","type-page","status-publish","has-post-thumbnail","hentry"],"featured_media_urls":{"thumbnail":["https:\/\/corpuslab.info\/kilombomanzo\/wp-content\/uploads\/2024\/11\/IMG_5080-150x150.jpg",150,150,true],"medium":["https:\/\/corpuslab.info\/kilombomanzo\/wp-content\/uploads\/2024\/11\/IMG_5080-225x300.jpg",225,300,true],"medium_large":["https:\/\/corpuslab.info\/kilombomanzo\/wp-content\/uploads\/2024\/11\/IMG_5080-768x1024.jpg",768,1024,true],"large":["https:\/\/corpuslab.info\/kilombomanzo\/wp-content\/uploads\/2024\/11\/IMG_5080-768x1024.jpg",768,1024,true],"1536x1536":["https:\/\/corpuslab.info\/kilombomanzo\/wp-content\/uploads\/2024\/11\/IMG_5080-1152x1536.jpg",1152,1536,true],"2048x2048":["https:\/\/corpuslab.info\/kilombomanzo\/wp-content\/uploads\/2024\/11\/IMG_5080-1536x2048.jpg",1536,2048,true],"inspiro-featured-image":["https:\/\/corpuslab.info\/kilombomanzo\/wp-content\/uploads\/2024\/11\/IMG_5080-scaled-1920x2560.jpg",1920,2560,true],"inspiro-loop":["https:\/\/corpuslab.info\/kilombomanzo\/wp-content\/uploads\/2024\/11\/IMG_5080-scaled-950x320.jpg",950,320,true],"inspiro-loop@2x":["https:\/\/corpuslab.info\/kilombomanzo\/wp-content\/uploads\/2024\/11\/IMG_5080-scaled-1900x640.jpg",1900,640,true],"portfolio_item-thumbnail":["https:\/\/corpuslab.info\/kilombomanzo\/wp-content\/uploads\/2024\/11\/IMG_5080-scaled-600x400.jpg",600,400,true],"portfolio_item-thumbnail@2x":["https:\/\/corpuslab.info\/kilombomanzo\/wp-content\/uploads\/2024\/11\/IMG_5080-scaled-1200x800.jpg",1200,800,true],"portfolio_item-masonry":["https:\/\/corpuslab.info\/kilombomanzo\/wp-content\/uploads\/2024\/11\/IMG_5080-scaled-600x800.jpg",600,800,true],"portfolio_item-masonry@2x":["https:\/\/corpuslab.info\/kilombomanzo\/wp-content\/uploads\/2024\/11\/IMG_5080-scaled-1200x1600.jpg",1200,1600,true],"portfolio_item-thumbnail_cinema":["https:\/\/corpuslab.info\/kilombomanzo\/wp-content\/uploads\/2024\/11\/IMG_5080-scaled-800x335.jpg",800,335,true],"portfolio_item-thumbnail_portrait":["https:\/\/corpuslab.info\/kilombomanzo\/wp-content\/uploads\/2024\/11\/IMG_5080-scaled-600x900.jpg",600,900,true],"portfolio_item-thumbnail_portrait@2x":["https:\/\/corpuslab.info\/kilombomanzo\/wp-content\/uploads\/2024\/11\/IMG_5080-scaled-1200x1800.jpg",1200,1800,true],"portfolio_item-thumbnail_square":["https:\/\/corpuslab.info\/kilombomanzo\/wp-content\/uploads\/2024\/11\/IMG_5080-scaled-800x800.jpg",800,800,true]},"_links":{"self":[{"href":"https:\/\/corpuslab.info\/kilombomanzo\/index.php?rest_route=\/wp\/v2\/pages\/12297","targetHints":{"allow":["GET"]}}],"collection":[{"href":"https:\/\/corpuslab.info\/kilombomanzo\/index.php?rest_route=\/wp\/v2\/pages"}],"about":[{"href":"https:\/\/corpuslab.info\/kilombomanzo\/index.php?rest_route=\/wp\/v2\/types\/page"}],"author":[{"embeddable":true,"href":"https:\/\/corpuslab.info\/kilombomanzo\/index.php?rest_route=\/wp\/v2\/users\/1"}],"replies":[{"embeddable":true,"href":"https:\/\/corpuslab.info\/kilombomanzo\/index.php?rest_route=%2Fwp%2Fv2%2Fcomments&post=12297"}],"version-history":[{"count":7,"href":"https:\/\/corpuslab.info\/kilombomanzo\/index.php?rest_route=\/wp\/v2\/pages\/12297\/revisions"}],"predecessor-version":[{"id":12362,"href":"https:\/\/corpuslab.info\/kilombomanzo\/index.php?rest_route=\/wp\/v2\/pages\/12297\/revisions\/12362"}],"wp:featuredmedia":[{"embeddable":true,"href":"https:\/\/corpuslab.info\/kilombomanzo\/index.php?rest_route=\/wp\/v2\/media\/12205"}],"wp:attachment":[{"href":"https:\/\/corpuslab.info\/kilombomanzo\/index.php?rest_route=%2Fwp%2Fv2%2Fmedia&parent=12297"}],"curies":[{"name":"wp","href":"https:\/\/api.w.org\/{rel}","templated":true}]}}