{"id":12180,"date":"2024-10-13T14:47:41","date_gmt":"2024-10-13T14:47:41","guid":{"rendered":"https:\/\/corpuslab.info\/kilombomanzo\/?page_id=12180"},"modified":"2024-12-19T04:15:45","modified_gmt":"2024-12-19T04:15:45","slug":"historia","status":"publish","type":"page","link":"https:\/\/corpuslab.info\/kilombomanzo\/?page_id=12180","title":{"rendered":"Hist\u00f3ria"},"content":{"rendered":"\n<h2 class=\"wp-block-heading\">O quilombo<\/h2>\n\n\n\n<p>O Kilombu Manzo, oficialmente denominada Associa\u00e7\u00e3o de Resistencia Cultural da Comunidade Quilombola Manzo Ngunzo Kaiango, se localiza na rua S\u00e3o Tiago, n\u00famero 216, nos limites entre os bairros Santa Efig\u00eania e Para\u00edso, na Zona Leste da cidade de Belo Horizonte, em uma regi\u00e3o de topografia acidentada, repleta de morros e ladeiras, em um terreno que abriga aproximadamente onze fam\u00edlias (cerca de 50 pessoas, incluindo um consider\u00e1vel n\u00famero de crian\u00e7as e adolescentes).<\/p>\n\n\n\n<p><br>A comunidade, que \u00e9 tamb\u00e9m uma comunidade tradicional de terreiro, foi certificada em 13 de mar\u00e7o de 2007 pela Funda\u00e7\u00e3o Cultural Palmares como remanescente de quilombo (Registrada no Livro de Cadastro Geral n\u00ba10, Registro n\u00ba 942, fl.07 e publica\u00e7\u00e3o no DOU do dia 16\/04\/2007). A comunidade possui processo aberto de regulariza\u00e7\u00e3o fundi\u00e1ria (N\u00famero: 54170.006166\/2007-91), no INCRA-MG (Instituto Nacional de Coloniza\u00e7\u00e3o e Reforma Agr\u00e1ria, titular na esfera do executivo federal nas pol\u00edticas de demarca\u00e7\u00e3o territorial quilombola) desde novembro de 2007, mas at\u00e9 o momento este se encontra parado, uma vez que a comunidade se localiza em \u00e1rea p\u00fablica estadual, necessitando que o Estado fa\u00e7a a desafeta\u00e7\u00e3o e doa\u00e7\u00e3o do im\u00f3vel para que este Instituto possa atuar diretamente na delimita\u00e7\u00e3o e demarca\u00e7\u00e3o territorial quilombola. A comunidade \u00e9 uma entidade civil sem fins lucrativos registrada em cart\u00f3rio. E foi declarada como de Utilidade P\u00fablica Municipal, em 24 de fevereiro de 2011, pela lei 10.112\/2011.<\/p>\n\n\n\n<h2 class=\"wp-block-heading\">A comunidade<\/h2>\n\n\n\n<p>A comunidade ocupa esta localidade desde a d\u00e9cada de 70, quando iniciou suas atividades como casa de Umbanda denominada \u201cSenzala de Pai Benedito\u201d, depois transformada em terreiro de Candombl\u00e9 Angola. Hoje ela se organiza atrav\u00e9s da Associa\u00e7\u00e3o de Resist\u00eancia Cultural da Comunidade Quilombola Manzo Ngunzo Kaiango. A matriarca do grupo e sacerdotisa do terreiro, M\u00e3e Efig\u00eania (Efig\u00eania Maria da Concei\u00e7\u00e3o \u2013 Mametu Muiand\u00ea), est\u00e1 ligada a todos os moradores por la\u00e7os de parentesco, seja consangu\u00edneo ou religioso. A din\u00e2mica religiosa do grupo \u00e9 pontuada pelos rituais do candombl\u00e9, bem como pelas consultas espirituais e jogos de b\u00fazios realizados por M\u00e3e Efig\u00eania.<\/p>\n\n\n\n<h2 class=\"wp-block-heading\">Projeto social<\/h2>\n\n\n\n<p><br>O Terreiro possui hoje um projeto social e cultural de valoriza\u00e7\u00e3o da cultura afro-brasileira atrav\u00e9s da realiza\u00e7\u00e3o de atividades como: capoeira, samba de roda, dan\u00e7a afro e percuss\u00e3o, dentre outras. O projeto Kizomba (termo de origem bantu que significa \u201cfesta do povo que resistiu \u00e0 escravid\u00e3o\u201d), tal como \u00e9 chamado, recebe cerca de 60 crian\u00e7as e jovens do entorno e de bairros vizinhos e \u00e9 mantido por dois filhos da casa, fora o apoio de parceiros da comunidade que auxiliam nas atividades desenvolvidas. O projeto n\u00e3o recebe nenhuma esp\u00e9cie de financiamento p\u00fablico ou privado.<br>\u200b<br>Por se tratar de uma entidade sem fins lucrativos, a associa\u00e7\u00e3o sobrevive gra\u00e7as a doa\u00e7\u00f5es e aux\u00edlio de terceiros que se sensibilizam com o seu funcionamento. Descrito por M\u00e3e Efig\u00eania como \u201cuma casa de portas abertas\u201d, o Terreiro e Quilombo Manzo Ngunzo Kaiango possui atividades de valoriza\u00e7\u00e3o da identidade dos afrodescendentes como oficinas de dan\u00e7a, percuss\u00e3o, cabelos e indument\u00e1rias afro, dentre outros que servem para o resgate da identidade, da autoestima e ao mesmo tempo como forma de educar os sujeitos destas atividades para o exerc\u00edcio pleno da cidadania. O Quilombo Religioso Urbano de Manzo \u00e9, portanto, uma refer\u00eancia n\u00e3o somente para o patrim\u00f4nio afrodescendente de nossa cidade e sua luta por cidadania, mas tamb\u00e9m um espa\u00e7o de import\u00e2ncia social, na medida em que atua na forma\u00e7\u00e3o complementar de jovens residentes na regi\u00e3o, notadamente um aglomerado de Vilas e Favelas.<\/p>\n\n\n\n<p><\/p>\n","protected":false},"excerpt":{"rendered":"<p>O quilombo O Kilombu Manzo, oficialmente denominada Associa\u00e7\u00e3o de Resistencia Cultural da Comunidade Quilombola Manzo Ngunzo Kaiango, se localiza na rua S\u00e3o Tiago, n\u00famero 216, nos limites entre os bairros &hellip; <\/p>\n<p class=\"link-more\"><a href=\"https:\/\/corpuslab.info\/kilombomanzo\/?page_id=12180\" class=\"more-link\">Leia mais<span class=\"screen-reader-text\"> &#8220;Hist\u00f3ria&#8221;<\/span><\/a><\/p>\n","protected":false},"author":1,"featured_media":12286,"parent":0,"menu_order":0,"comment_status":"closed","ping_status":"closed","template":"","meta":{"footnotes":""},"class_list":["post-12180","page","type-page","status-publish","has-post-thumbnail","hentry"],"featured_media_urls":{"thumbnail":["https:\/\/corpuslab.info\/kilombomanzo\/wp-content\/uploads\/2024\/12\/manzoFesta-9667-150x150.jpg",150,150,true],"medium":["https:\/\/corpuslab.info\/kilombomanzo\/wp-content\/uploads\/2024\/12\/manzoFesta-9667-300x199.jpg",300,199,true],"medium_large":["https:\/\/corpuslab.info\/kilombomanzo\/wp-content\/uploads\/2024\/12\/manzoFesta-9667.jpg",768,510,false],"large":["https:\/\/corpuslab.info\/kilombomanzo\/wp-content\/uploads\/2024\/12\/manzoFesta-9667-1024x680.jpg",950,631,true],"1536x1536":["https:\/\/corpuslab.info\/kilombomanzo\/wp-content\/uploads\/2024\/12\/manzoFesta-9667-1536x1536.jpg",1536,1536,true],"2048x2048":["https:\/\/corpuslab.info\/kilombomanzo\/wp-content\/uploads\/2024\/12\/manzoFesta-9667-2000x1328.jpg",2000,1328,true],"inspiro-featured-image":["https:\/\/corpuslab.info\/kilombomanzo\/wp-content\/uploads\/2024\/12\/manzoFesta-9667-2000x1328.jpg",2000,1328,true],"inspiro-loop":["https:\/\/corpuslab.info\/kilombomanzo\/wp-content\/uploads\/2024\/12\/manzoFesta-9667-950x320.jpg",950,320,true],"inspiro-loop@2x":["https:\/\/corpuslab.info\/kilombomanzo\/wp-content\/uploads\/2024\/12\/manzoFesta-9667-1900x640.jpg",1900,640,true],"portfolio_item-thumbnail":["https:\/\/corpuslab.info\/kilombomanzo\/wp-content\/uploads\/2024\/12\/manzoFesta-9667-600x400.jpg",600,400,true],"portfolio_item-thumbnail@2x":["https:\/\/corpuslab.info\/kilombomanzo\/wp-content\/uploads\/2024\/12\/manzoFesta-9667-1200x800.jpg",1200,800,true],"portfolio_item-masonry":["https:\/\/corpuslab.info\/kilombomanzo\/wp-content\/uploads\/2024\/12\/manzoFesta-9667-600x398.jpg",600,398,true],"portfolio_item-masonry@2x":["https:\/\/corpuslab.info\/kilombomanzo\/wp-content\/uploads\/2024\/12\/manzoFesta-9667-1200x796.jpg",1200,796,true],"portfolio_item-thumbnail_cinema":["https:\/\/corpuslab.info\/kilombomanzo\/wp-content\/uploads\/2024\/12\/manzoFesta-9667-800x335.jpg",800,335,true],"portfolio_item-thumbnail_portrait":["https:\/\/corpuslab.info\/kilombomanzo\/wp-content\/uploads\/2024\/12\/manzoFesta-9667-600x900.jpg",600,900,true],"portfolio_item-thumbnail_portrait@2x":["https:\/\/corpuslab.info\/kilombomanzo\/wp-content\/uploads\/2024\/12\/manzoFesta-9667-1200x1800.jpg",1200,1800,true],"portfolio_item-thumbnail_square":["https:\/\/corpuslab.info\/kilombomanzo\/wp-content\/uploads\/2024\/12\/manzoFesta-9667-800x800.jpg",800,800,true]},"_links":{"self":[{"href":"https:\/\/corpuslab.info\/kilombomanzo\/index.php?rest_route=\/wp\/v2\/pages\/12180","targetHints":{"allow":["GET"]}}],"collection":[{"href":"https:\/\/corpuslab.info\/kilombomanzo\/index.php?rest_route=\/wp\/v2\/pages"}],"about":[{"href":"https:\/\/corpuslab.info\/kilombomanzo\/index.php?rest_route=\/wp\/v2\/types\/page"}],"author":[{"embeddable":true,"href":"https:\/\/corpuslab.info\/kilombomanzo\/index.php?rest_route=\/wp\/v2\/users\/1"}],"replies":[{"embeddable":true,"href":"https:\/\/corpuslab.info\/kilombomanzo\/index.php?rest_route=%2Fwp%2Fv2%2Fcomments&post=12180"}],"version-history":[{"count":3,"href":"https:\/\/corpuslab.info\/kilombomanzo\/index.php?rest_route=\/wp\/v2\/pages\/12180\/revisions"}],"predecessor-version":[{"id":12219,"href":"https:\/\/corpuslab.info\/kilombomanzo\/index.php?rest_route=\/wp\/v2\/pages\/12180\/revisions\/12219"}],"wp:featuredmedia":[{"embeddable":true,"href":"https:\/\/corpuslab.info\/kilombomanzo\/index.php?rest_route=\/wp\/v2\/media\/12286"}],"wp:attachment":[{"href":"https:\/\/corpuslab.info\/kilombomanzo\/index.php?rest_route=%2Fwp%2Fv2%2Fmedia&parent=12180"}],"curies":[{"name":"wp","href":"https:\/\/api.w.org\/{rel}","templated":true}]}}