{"id":12178,"date":"2024-10-13T14:45:43","date_gmt":"2024-10-13T14:45:43","guid":{"rendered":"https:\/\/corpuslab.info\/kilombomanzo\/?page_id=12178"},"modified":"2024-12-19T04:14:59","modified_gmt":"2024-12-19T04:14:59","slug":"quem-somos","status":"publish","type":"page","link":"https:\/\/corpuslab.info\/kilombomanzo\/?page_id=12178","title":{"rendered":"Quem somos"},"content":{"rendered":"\n<p>A Comunidade Kilombola Manzo Ngunzo Kaiango, localizada em Belo Horizonte, foi fundada na d\u00e9cada de 1970 por sua m\u00e3e Mametu Muiand\u00ea. O Manzo mant\u00e9m v\u00e1rias rela\u00e7\u00f5es com a cidade, com a religiosidade, com a pol\u00edtica, com a educa\u00e7\u00e3o\u2026 Mas a sociedade tem muita dificuldade para compreender sua cultura, que \u00e9 comparada a um modelo padr\u00e3o do pa\u00eds. A cultura faz parte de seu modo de vida, e vem da pr\u00f3pria natureza e do meio ambiente, sustentando suas tradi\u00e7\u00f5es. Por isso, para falar do Manzo, \u00e9 fundamental falar do territ\u00f3rio para al\u00e9m de seu limite geogr\u00e1fico.<\/p>\n\n\n\n<figure class=\"wp-block-embed is-type-video is-provider-youtube wp-block-embed-youtube wp-embed-aspect-16-9 wp-has-aspect-ratio\"><div class=\"wp-block-embed__wrapper\">\n<iframe title=\"Entrevista: Candombl\u00e9 do Quilombo Manzo Ngunzo Kaiango - Parte 01\" width=\"950\" height=\"534\" src=\"https:\/\/www.youtube.com\/embed\/dOSZiKheMdE?feature=oembed\" frameborder=\"0\" allow=\"accelerometer; autoplay; clipboard-write; encrypted-media; gyroscope; picture-in-picture; web-share\" referrerpolicy=\"strict-origin-when-cross-origin\" allowfullscreen><\/iframe>\n<\/div><\/figure>\n\n\n\n<p><\/p>\n","protected":false},"excerpt":{"rendered":"<p>A Comunidade Kilombola Manzo Ngunzo Kaiango, localizada em Belo Horizonte, foi fundada na d\u00e9cada de 1970 por sua m\u00e3e Mametu Muiand\u00ea. O Manzo mant\u00e9m v\u00e1rias rela\u00e7\u00f5es com a cidade, com &hellip; <\/p>\n<p class=\"link-more\"><a href=\"https:\/\/corpuslab.info\/kilombomanzo\/?page_id=12178\" class=\"more-link\">Leia mais<span class=\"screen-reader-text\"> &#8220;Quem somos&#8221;<\/span><\/a><\/p>\n","protected":false},"author":1,"featured_media":12278,"parent":0,"menu_order":0,"comment_status":"closed","ping_status":"closed","template":"","meta":{"footnotes":""},"class_list":["post-12178","page","type-page","status-publish","has-post-thumbnail","hentry"],"featured_media_urls":{"thumbnail":["https:\/\/corpuslab.info\/kilombomanzo\/wp-content\/uploads\/2024\/12\/manzoFesta-9659-150x150.jpg",150,150,true],"medium":["https:\/\/corpuslab.info\/kilombomanzo\/wp-content\/uploads\/2024\/12\/manzoFesta-9659-300x199.jpg",300,199,true],"medium_large":["https:\/\/corpuslab.info\/kilombomanzo\/wp-content\/uploads\/2024\/12\/manzoFesta-9659.jpg",768,510,false],"large":["https:\/\/corpuslab.info\/kilombomanzo\/wp-content\/uploads\/2024\/12\/manzoFesta-9659-1024x680.jpg",950,631,true],"1536x1536":["https:\/\/corpuslab.info\/kilombomanzo\/wp-content\/uploads\/2024\/12\/manzoFesta-9659-1536x1536.jpg",1536,1536,true],"2048x2048":["https:\/\/corpuslab.info\/kilombomanzo\/wp-content\/uploads\/2024\/12\/manzoFesta-9659-2000x1328.jpg",2000,1328,true],"inspiro-featured-image":["https:\/\/corpuslab.info\/kilombomanzo\/wp-content\/uploads\/2024\/12\/manzoFesta-9659-2000x1328.jpg",2000,1328,true],"inspiro-loop":["https:\/\/corpuslab.info\/kilombomanzo\/wp-content\/uploads\/2024\/12\/manzoFesta-9659-950x320.jpg",950,320,true],"inspiro-loop@2x":["https:\/\/corpuslab.info\/kilombomanzo\/wp-content\/uploads\/2024\/12\/manzoFesta-9659-1900x640.jpg",1900,640,true],"portfolio_item-thumbnail":["https:\/\/corpuslab.info\/kilombomanzo\/wp-content\/uploads\/2024\/12\/manzoFesta-9659-600x400.jpg",600,400,true],"portfolio_item-thumbnail@2x":["https:\/\/corpuslab.info\/kilombomanzo\/wp-content\/uploads\/2024\/12\/manzoFesta-9659-1200x800.jpg",1200,800,true],"portfolio_item-masonry":["https:\/\/corpuslab.info\/kilombomanzo\/wp-content\/uploads\/2024\/12\/manzoFesta-9659-600x398.jpg",600,398,true],"portfolio_item-masonry@2x":["https:\/\/corpuslab.info\/kilombomanzo\/wp-content\/uploads\/2024\/12\/manzoFesta-9659-1200x796.jpg",1200,796,true],"portfolio_item-thumbnail_cinema":["https:\/\/corpuslab.info\/kilombomanzo\/wp-content\/uploads\/2024\/12\/manzoFesta-9659-800x335.jpg",800,335,true],"portfolio_item-thumbnail_portrait":["https:\/\/corpuslab.info\/kilombomanzo\/wp-content\/uploads\/2024\/12\/manzoFesta-9659-600x900.jpg",600,900,true],"portfolio_item-thumbnail_portrait@2x":["https:\/\/corpuslab.info\/kilombomanzo\/wp-content\/uploads\/2024\/12\/manzoFesta-9659-1200x1800.jpg",1200,1800,true],"portfolio_item-thumbnail_square":["https:\/\/corpuslab.info\/kilombomanzo\/wp-content\/uploads\/2024\/12\/manzoFesta-9659-800x800.jpg",800,800,true]},"_links":{"self":[{"href":"https:\/\/corpuslab.info\/kilombomanzo\/index.php?rest_route=\/wp\/v2\/pages\/12178","targetHints":{"allow":["GET"]}}],"collection":[{"href":"https:\/\/corpuslab.info\/kilombomanzo\/index.php?rest_route=\/wp\/v2\/pages"}],"about":[{"href":"https:\/\/corpuslab.info\/kilombomanzo\/index.php?rest_route=\/wp\/v2\/types\/page"}],"author":[{"embeddable":true,"href":"https:\/\/corpuslab.info\/kilombomanzo\/index.php?rest_route=\/wp\/v2\/users\/1"}],"replies":[{"embeddable":true,"href":"https:\/\/corpuslab.info\/kilombomanzo\/index.php?rest_route=%2Fwp%2Fv2%2Fcomments&post=12178"}],"version-history":[{"count":2,"href":"https:\/\/corpuslab.info\/kilombomanzo\/index.php?rest_route=\/wp\/v2\/pages\/12178\/revisions"}],"predecessor-version":[{"id":12300,"href":"https:\/\/corpuslab.info\/kilombomanzo\/index.php?rest_route=\/wp\/v2\/pages\/12178\/revisions\/12300"}],"wp:featuredmedia":[{"embeddable":true,"href":"https:\/\/corpuslab.info\/kilombomanzo\/index.php?rest_route=\/wp\/v2\/media\/12278"}],"wp:attachment":[{"href":"https:\/\/corpuslab.info\/kilombomanzo\/index.php?rest_route=%2Fwp%2Fv2%2Fmedia&parent=12178"}],"curies":[{"name":"wp","href":"https:\/\/api.w.org\/{rel}","templated":true}]}}