{"id":11095,"date":"2018-02-04T15:43:20","date_gmt":"2018-02-04T15:43:20","guid":{"rendered":"http:\/\/rifetheme.com\/cropps\/?page_id=11095"},"modified":"2024-12-19T03:53:59","modified_gmt":"2024-12-19T03:53:59","slug":"info-contact","status":"publish","type":"page","link":"https:\/\/corpuslab.info\/kilombomanzo\/?page_id=11095","title":{"rendered":"Contato"},"content":{"rendered":"\n<h2 class=\"wp-block-heading\">Endere\u00e7o<\/h2>\n\n\n\n<h2 class=\"wp-block-heading\">EMAIL<\/h2>\n\n\n\n<p>kidoiale@hotmail.com&nbsp;\u200b(Makota Cassia)<\/p>\n\n\n\n<h2 class=\"wp-block-heading\">TELEFONE<\/h2>\n\n\n\n<p>(solicite via email)<\/p>\n\n\n\n<p>Rua S\u00e3o Tiago, n. 216, Santa Efig\u00eania<br>\u200bBelo Horizonte<\/p>\n\n\n\n<h2 class=\"wp-block-heading\">Atividades do Terreiro<\/h2>\n\n\n\n<p>Entrar em contato com<\/p>\n\n\n\n<h2 class=\"wp-block-heading\">Solicita\u00e7\u00e3o de atividades<\/h2>\n\n\n\n<p>Preencha o formul\u00e1rio abaixo<\/p>\n\n\n\n<p><a href=\"https:\/\/docs.google.com\/forms\/d\/e\/1FAIpQLSe7aAnHK5yI_lKEUEoSa_14iBHaUIMnBhNPkwHPY4EQTNZCzw\/viewform?usp=sf_link\">https:\/\/docs.google.com\/forms\/d\/e\/1FAIpQLSe7aAnHK5yI_lKEUEoSa_14iBHaUIMnBhNPkwHPY4EQTNZCzw\/viewform?usp=sf_link<\/a><\/p>\n\n\n\n<iframe src=\"https:\/\/docs.google.com\/forms\/d\/e\/1FAIpQLSe7aAnHK5yI_lKEUEoSa_14iBHaUIMnBhNPkwHPY4EQTNZCzw\/viewform?embedded=true\" width=\"800\" height=\"1821\" frameborder=\"0\" marginheight=\"0\" marginwidth=\"0\">Loading\u2026<\/iframe>\n","protected":false},"excerpt":{"rendered":"<p>Endere\u00e7o EMAIL kidoiale@hotmail.com&nbsp;\u200b(Makota Cassia) TELEFONE (solicite via email) Rua S\u00e3o Tiago, n. 216, Santa Efig\u00eania\u200bBelo Horizonte Atividades do Terreiro Entrar em contato com Solicita\u00e7\u00e3o de atividades Preencha o formul\u00e1rio abaixo &hellip; <\/p>\n<p class=\"link-more\"><a href=\"https:\/\/corpuslab.info\/kilombomanzo\/?page_id=11095\" class=\"more-link\">Leia mais<span class=\"screen-reader-text\"> &#8220;Contato&#8221;<\/span><\/a><\/p>\n","protected":false},"author":1,"featured_media":11542,"parent":0,"menu_order":0,"comment_status":"closed","ping_status":"closed","template":"","meta":{"footnotes":""},"class_list":["post-11095","page","type-page","status-publish","has-post-thumbnail","hentry"],"featured_media_urls":[],"_links":{"self":[{"href":"https:\/\/corpuslab.info\/kilombomanzo\/index.php?rest_route=\/wp\/v2\/pages\/11095","targetHints":{"allow":["GET"]}}],"collection":[{"href":"https:\/\/corpuslab.info\/kilombomanzo\/index.php?rest_route=\/wp\/v2\/pages"}],"about":[{"href":"https:\/\/corpuslab.info\/kilombomanzo\/index.php?rest_route=\/wp\/v2\/types\/page"}],"author":[{"embeddable":true,"href":"https:\/\/corpuslab.info\/kilombomanzo\/index.php?rest_route=\/wp\/v2\/users\/1"}],"replies":[{"embeddable":true,"href":"https:\/\/corpuslab.info\/kilombomanzo\/index.php?rest_route=%2Fwp%2Fv2%2Fcomments&post=11095"}],"version-history":[{"count":2,"href":"https:\/\/corpuslab.info\/kilombomanzo\/index.php?rest_route=\/wp\/v2\/pages\/11095\/revisions"}],"predecessor-version":[{"id":12243,"href":"https:\/\/corpuslab.info\/kilombomanzo\/index.php?rest_route=\/wp\/v2\/pages\/11095\/revisions\/12243"}],"wp:featuredmedia":[{"embeddable":true,"href":"https:\/\/corpuslab.info\/kilombomanzo\/index.php?rest_route=\/"}],"wp:attachment":[{"href":"https:\/\/corpuslab.info\/kilombomanzo\/index.php?rest_route=%2Fwp%2Fv2%2Fmedia&parent=11095"}],"curies":[{"name":"wp","href":"https:\/\/api.w.org\/{rel}","templated":true}]}}